{"id":311,"date":"2022-10-28T14:51:04","date_gmt":"2022-10-28T14:51:04","guid":{"rendered":"https:\/\/www.pcisecuritystandards.org\/lang\/?page_id=311"},"modified":"2022-10-28T14:51:39","modified_gmt":"2022-10-28T14:51:39","slug":"resources","status":"publish","type":"page","link":"https:\/\/www.pcisecuritystandards.org\/lang\/pt-pt\/resources\/","title":{"rendered":"Resources"},"content":{"rendered":"\t\t<div data-elementor-type=\"wp-page\" data-elementor-id=\"311\" class=\"elementor elementor-311\" data-elementor-post-type=\"page\">\n\t\t\t\t\t\t<section class=\"elementor-section elementor-top-section elementor-element elementor-element-c5b7548 elementor-section-boxed elementor-section-height-default elementor-section-height-default\" data-id=\"c5b7548\" data-element_type=\"section\" data-e-type=\"section\" data-settings=\"{&quot;background_background&quot;:&quot;classic&quot;}\">\n\t\t\t\t\t\t<div class=\"elementor-container elementor-column-gap-default\">\n\t\t\t\t\t<div class=\"elementor-column elementor-col-100 elementor-top-column elementor-element elementor-element-3283661e\" data-id=\"3283661e\" data-element_type=\"column\" data-e-type=\"column\">\n\t\t\t<div class=\"elementor-widget-wrap elementor-element-populated\">\n\t\t\t\t\t\t<div class=\"elementor-element elementor-element-10871de1 elementor-icon-list--layout-inline elementor-list-item-link-full_width elementor-widget elementor-widget-icon-list\" data-id=\"10871de1\" data-element_type=\"widget\" data-e-type=\"widget\" data-widget_type=\"icon-list.default\">\n\t\t\t\t<div class=\"elementor-widget-container\">\n\t\t\t\t\t\t\t<ul class=\"elementor-icon-list-items elementor-inline-items\">\n\t\t\t\t\t\t\t<li class=\"elementor-icon-list-item elementor-inline-item\">\n\t\t\t\t\t\t\t\t\t\t\t<a href=\"https:\/\/www.pcisecuritystandards.org\">\n\n\t\t\t\t\t\t\t\t\t\t\t<span class=\"elementor-icon-list-text\">Retornar ao Site P\u00fablico do PCI SSC<\/span>\n\t\t\t\t\t\t\t\t\t\t\t<\/a>\n\t\t\t\t\t\t\t\t\t<\/li>\n\t\t\t\t\t\t<\/ul>\n\t\t\t\t\t\t<\/div>\n\t\t\t\t<\/div>\n\t\t\t\t\t<\/div>\n\t\t<\/div>\n\t\t\t\t\t<\/div>\n\t\t<\/section>\n\t\t\t\t<section class=\"elementor-section elementor-top-section elementor-element elementor-element-b9f9062 elementor-section-content-middle elementor-reverse-mobile elementor-section-boxed elementor-section-height-default elementor-section-height-default\" data-id=\"b9f9062\" data-element_type=\"section\" data-e-type=\"section\" data-settings=\"{&quot;background_background&quot;:&quot;classic&quot;}\">\n\t\t\t\t\t\t<div class=\"elementor-container elementor-column-gap-default\">\n\t\t\t\t\t<div class=\"elementor-column elementor-col-33 elementor-top-column elementor-element elementor-element-27997cd1\" data-id=\"27997cd1\" data-element_type=\"column\" data-e-type=\"column\">\n\t\t\t<div class=\"elementor-widget-wrap elementor-element-populated\">\n\t\t\t\t\t\t<div class=\"elementor-element elementor-element-1f63a982 elementor-widget elementor-widget-heading\" data-id=\"1f63a982\" data-element_type=\"widget\" data-e-type=\"widget\" data-widget_type=\"heading.default\">\n\t\t\t\t<div class=\"elementor-widget-container\">\n\t\t\t\t\t<h2 class=\"elementor-heading-title elementor-size-default\">Recursos Adicionais<\/h2>\t\t\t\t<\/div>\n\t\t\t\t<\/div>\n\t\t\t\t\t<\/div>\n\t\t<\/div>\n\t\t\t\t<div class=\"elementor-column elementor-col-33 elementor-top-column elementor-element elementor-element-276cca6d elementor-hidden-tablet elementor-hidden-mobile\" data-id=\"276cca6d\" data-element_type=\"column\" data-e-type=\"column\">\n\t\t\t<div class=\"elementor-widget-wrap\">\n\t\t\t\t\t\t\t<\/div>\n\t\t<\/div>\n\t\t\t\t<div class=\"elementor-column elementor-col-33 elementor-top-column elementor-element elementor-element-1d7af0fb\" data-id=\"1d7af0fb\" data-element_type=\"column\" data-e-type=\"column\">\n\t\t\t<div class=\"elementor-widget-wrap elementor-element-populated\">\n\t\t\t\t\t\t<div class=\"elementor-element elementor-element-7d2a0090 elementor-widget elementor-widget-image\" data-id=\"7d2a0090\" data-element_type=\"widget\" data-e-type=\"widget\" data-widget_type=\"image.default\">\n\t\t\t\t<div class=\"elementor-widget-container\">\n\t\t\t\t\t\t\t\t\t\t\t\t\t\t\t<img fetchpriority=\"high\" decoding=\"async\" width=\"446\" height=\"248\" src=\"https:\/\/www.pcisecuritystandards.org\/lang\/wp-content\/uploads\/sites\/5\/2022\/10\/privacy.jpg\" class=\"attachment-full size-full wp-image-235\" alt=\"\" srcset=\"https:\/\/www.pcisecuritystandards.org\/lang\/wp-content\/uploads\/sites\/5\/2022\/10\/privacy.jpg 446w, https:\/\/www.pcisecuritystandards.org\/lang\/wp-content\/uploads\/sites\/5\/2022\/10\/privacy.jpg?resize=300,167 300w, https:\/\/www.pcisecuritystandards.org\/lang\/wp-content\/uploads\/sites\/5\/2022\/10\/privacy.jpg?resize=342,190 342w\" sizes=\"(max-width: 446px) 100vw, 446px\" \/>\t\t\t\t\t\t\t\t\t\t\t\t\t\t\t<\/div>\n\t\t\t\t<\/div>\n\t\t\t\t\t<\/div>\n\t\t<\/div>\n\t\t\t\t\t<\/div>\n\t\t<\/section>\n\t\t\t\t<section class=\"elementor-section elementor-top-section elementor-element elementor-element-1662173b privacy-content elementor-section-boxed elementor-section-height-default elementor-section-height-default\" data-id=\"1662173b\" data-element_type=\"section\" data-e-type=\"section\" data-settings=\"{&quot;background_background&quot;:&quot;classic&quot;}\">\n\t\t\t\t\t\t<div class=\"elementor-container elementor-column-gap-default\">\n\t\t\t\t\t<div class=\"elementor-column elementor-col-100 elementor-top-column elementor-element elementor-element-45bbb45c\" data-id=\"45bbb45c\" data-element_type=\"column\" data-e-type=\"column\">\n\t\t\t<div class=\"elementor-widget-wrap elementor-element-populated\">\n\t\t\t\t\t\t<div class=\"elementor-element elementor-element-5c2f0338 editor_custom_styles elementor-widget elementor-widget-text-editor\" data-id=\"5c2f0338\" data-element_type=\"widget\" data-e-type=\"widget\" data-widget_type=\"text-editor.default\">\n\t\t\t\t<div class=\"elementor-widget-container\">\n\t\t\t\t\t\t\t\t\t<p>Recursos adicionais est\u00e3o dispon\u00edveis <a href=\"https:\/\/pt.pcisecuritystandards.org\/minisite\/en\/\">em ingl\u00eas<\/a>.<\/p><p>\u00a0<\/p><ul><li><a href=\"https:\/\/www.pcisecuritystandards.org\/\/assessors_and_solutions\/qualified_security_assessors\">Verificar funcion\u00e1rio de QSA<\/a><\/li><li><a href=\"https:\/\/www.pcisecuritystandards.org\/\/assessors_and_solutions\/qualified_security_assessors\">Verificar empresa QSA<\/a><\/li><li><a href=\"https:\/\/www.pcisecuritystandards.org\/\/assessors_and_solutions\/payment_application_assessors\">Verificar aplicativo de pagamento de QSAs (PA-QSA)<\/a><\/li><li><a href=\"https:\/\/www.pcisecuritystandards.org\/\/assessors_and_solutions\/approved_scanning_vendors\">Verificar fornecedor aprovado de varredura (ASV)<\/a><\/li><li><a href=\"https:\/\/www.pcisecuritystandards.org\/\/assessors_and_solutions\/pci_professionals\">Verificar um PCIP<\/a><\/li><li><a href=\"https:\/\/www.pcisecuritystandards.org\/\/assessors_and_solutions\/pin_transaction_devices\">Seguran\u00e7a de transa\u00e7\u00e3o por PIN aprovada<\/a><\/li><li><a href=\"https:\/\/www.pcisecuritystandards.org\/\/assessors_and_solutions\/payment_application_assessors\">Aplicativos de pagamento validados<\/a><\/li><li><a href=\"https:\/\/www.pcisecuritystandards.org\/\/assessors_and_solutions\/point_to_point_encryption_solutions\">Solu\u00e7\u00f5es P2PE validadas<\/a><\/li><li><a href=\"https:\/\/www.pcisecuritystandards.org\/\/assessors_and_solutions\/point_to_point_encryption_applications\">Aplicativos P2PE validados<\/a><\/li><li><a href=\"https:\/\/www.pcisecuritystandards.org\/\/assessors_and_solutions\/internal_security_assessors\">Verificar um ISA<\/a><\/li><li><a href=\"https:\/\/www.pcisecuritystandards.org\/\/assessors_and_solutions\/pci_forensic_investigators\">Investigadores forenses PCI (PFI)<\/a><\/li><li><a href=\"https:\/\/www.pcisecuritystandards.org\/\/assessors_and_solutions\/point_to_point_encryption_assessors\">Empresas de criptografia ponto a ponto PCI<\/a><\/li><li><a href=\"https:\/\/www.pcisecuritystandards.org\/\/assessors_and_solutions\/qualified_integrators_and_resellers\">Integradores e revendedores qualificados<\/a><\/li><\/ul><p>\u00a0<\/p>\t\t\t\t\t\t\t\t<\/div>\n\t\t\t\t<\/div>\n\t\t\t\t\t<\/div>\n\t\t<\/div>\n\t\t\t\t\t<\/div>\n\t\t<\/section>\n\t\t\t\t<\/div>\n\t\t","protected":false},"excerpt":{"rendered":"<p>Retornar ao Site P\u00fablico do PCI SSC Recursos Adicionais Recursos adicionais est\u00e3o dispon\u00edveis em ingl\u00eas. \u00a0 Verificar funcion\u00e1rio de QSA Verificar empresa QSA Verificar aplicativo de pagamento de QSAs (PA-QSA) Verificar fornecedor aprovado de varredura (ASV) Verificar um PCIP Seguran\u00e7a de transa\u00e7\u00e3o por PIN aprovada Aplicativos de pagamento validados Solu\u00e7\u00f5es P2PE validadas Aplicativos P2PE validados [&hellip;]<\/p>\n","protected":false},"author":21,"featured_media":0,"parent":197,"menu_order":0,"comment_status":"closed","ping_status":"closed","template":"","meta":{"_acf_changed":false,"footnotes":""},"class_list":["post-311","page","type-page","status-publish","hentry"],"acf":[],"yoast_head":"<!-- This site is optimized with the Yoast SEO plugin v27.1.1 - https:\/\/yoast.com\/product\/yoast-seo-wordpress\/ -->\n<title>Resources - PCI Language Minisites<\/title>\n<meta name=\"robots\" content=\"noindex, follow, max-snippet:-1, max-image-preview:large, max-video-preview:-1\" \/>\n<meta property=\"og:locale\" content=\"en_US\" \/>\n<meta property=\"og:type\" content=\"article\" \/>\n<meta property=\"og:title\" content=\"Resources - PCI Language Minisites\" \/>\n<meta property=\"og:description\" content=\"Retornar ao Site P\u00fablico do PCI SSC Recursos Adicionais Recursos adicionais est\u00e3o dispon\u00edveis em ingl\u00eas. \u00a0 Verificar funcion\u00e1rio de QSA Verificar empresa QSA Verificar aplicativo de pagamento de QSAs (PA-QSA) Verificar fornecedor aprovado de varredura (ASV) Verificar um PCIP Seguran\u00e7a de transa\u00e7\u00e3o por PIN aprovada Aplicativos de pagamento validados Solu\u00e7\u00f5es P2PE validadas Aplicativos P2PE validados [&hellip;]\" \/>\n<meta property=\"og:url\" content=\"https:\/\/www.pcisecuritystandards.org\/lang\/pt-pt\/resources\/\" \/>\n<meta property=\"og:site_name\" content=\"PCI Language Minisites\" \/>\n<meta property=\"article:modified_time\" content=\"2022-10-28T14:51:39+00:00\" \/>\n<meta property=\"og:image\" content=\"https:\/\/www.pcisecuritystandards.org\/lang\/wp-content\/uploads\/sites\/5\/2022\/10\/privacy.jpg\" \/>\n<meta name=\"twitter:card\" content=\"summary_large_image\" \/>\n<script type=\"application\/ld+json\" class=\"yoast-schema-graph\">{\"@context\":\"https:\/\/schema.org\",\"@graph\":[{\"@type\":\"WebPage\",\"@id\":\"https:\/\/www.pcisecuritystandards.org\/lang\/pt-pt\/resources\/\",\"url\":\"https:\/\/www.pcisecuritystandards.org\/lang\/pt-pt\/resources\/\",\"name\":\"Resources - PCI Language Minisites\",\"isPartOf\":{\"@id\":\"https:\/\/www.pcisecuritystandards.org\/lang\/#website\"},\"primaryImageOfPage\":{\"@id\":\"https:\/\/www.pcisecuritystandards.org\/lang\/pt-pt\/resources\/#primaryimage\"},\"image\":{\"@id\":\"https:\/\/www.pcisecuritystandards.org\/lang\/pt-pt\/resources\/#primaryimage\"},\"thumbnailUrl\":\"https:\/\/www.pcisecuritystandards.org\/lang\/wp-content\/uploads\/sites\/5\/2022\/10\/privacy.jpg\",\"datePublished\":\"2022-10-28T14:51:04+00:00\",\"dateModified\":\"2022-10-28T14:51:39+00:00\",\"breadcrumb\":{\"@id\":\"https:\/\/www.pcisecuritystandards.org\/lang\/pt-pt\/resources\/#breadcrumb\"},\"inLanguage\":\"en-US\",\"potentialAction\":[{\"@type\":\"ReadAction\",\"target\":[\"https:\/\/www.pcisecuritystandards.org\/lang\/pt-pt\/resources\/\"]}]},{\"@type\":\"ImageObject\",\"inLanguage\":\"en-US\",\"@id\":\"https:\/\/www.pcisecuritystandards.org\/lang\/pt-pt\/resources\/#primaryimage\",\"url\":\"https:\/\/www.pcisecuritystandards.org\/lang\/wp-content\/uploads\/sites\/5\/2022\/10\/privacy.jpg\",\"contentUrl\":\"https:\/\/www.pcisecuritystandards.org\/lang\/wp-content\/uploads\/sites\/5\/2022\/10\/privacy.jpg\",\"width\":446,\"height\":248},{\"@type\":\"BreadcrumbList\",\"@id\":\"https:\/\/www.pcisecuritystandards.org\/lang\/pt-pt\/resources\/#breadcrumb\",\"itemListElement\":[{\"@type\":\"ListItem\",\"position\":1,\"name\":\"Home\",\"item\":\"https:\/\/www.pcisecuritystandards.org\/lang\/\"},{\"@type\":\"ListItem\",\"position\":2,\"name\":\"Site oficial do PCI Security Standards Council &#8211; Verifique a conformidade com o PCI, baixe os padr\u00f5es de seguran\u00e7a de dados e de seguran\u00e7a de cart\u00e3o de cr\u00e9dito\",\"item\":\"https:\/\/www.pcisecuritystandards.org\/lang\/pt-pt\/\"},{\"@type\":\"ListItem\",\"position\":3,\"name\":\"Resources\"}]},{\"@type\":\"WebSite\",\"@id\":\"https:\/\/www.pcisecuritystandards.org\/lang\/#website\",\"url\":\"https:\/\/www.pcisecuritystandards.org\/lang\/\",\"name\":\"PCI Language Minisites\",\"description\":\"Just another pci-ssc-wp.go-vip.net Sites site\",\"publisher\":{\"@id\":\"https:\/\/www.pcisecuritystandards.org\/lang\/#organization\"},\"potentialAction\":[{\"@type\":\"SearchAction\",\"target\":{\"@type\":\"EntryPoint\",\"urlTemplate\":\"https:\/\/www.pcisecuritystandards.org\/lang\/?s={search_term_string}\"},\"query-input\":{\"@type\":\"PropertyValueSpecification\",\"valueRequired\":true,\"valueName\":\"search_term_string\"}}],\"inLanguage\":\"en-US\"},{\"@type\":\"Organization\",\"@id\":\"https:\/\/www.pcisecuritystandards.org\/lang\/#organization\",\"name\":\"PCI Language Minisites\",\"url\":\"https:\/\/www.pcisecuritystandards.org\/lang\/\",\"logo\":{\"@type\":\"ImageObject\",\"inLanguage\":\"en-US\",\"@id\":\"https:\/\/www.pcisecuritystandards.org\/lang\/#\/schema\/logo\/image\/\",\"url\":\"https:\/\/www.pcisecuritystandards.org\/lang\/wp-content\/uploads\/sites\/5\/2022\/10\/pci-logo-teal.svg\",\"contentUrl\":\"https:\/\/www.pcisecuritystandards.org\/lang\/wp-content\/uploads\/sites\/5\/2022\/10\/pci-logo-teal.svg\",\"width\":192,\"height\":58,\"caption\":\"PCI Language Minisites\"},\"image\":{\"@id\":\"https:\/\/www.pcisecuritystandards.org\/lang\/#\/schema\/logo\/image\/\"}}]}<\/script>\n<!-- \/ Yoast SEO plugin. -->","yoast_head_json":{"title":"Resources - PCI Language Minisites","robots":{"index":"noindex","follow":"follow","max-snippet":"max-snippet:-1","max-image-preview":"max-image-preview:large","max-video-preview":"max-video-preview:-1"},"og_locale":"en_US","og_type":"article","og_title":"Resources - PCI Language Minisites","og_description":"Retornar ao Site P\u00fablico do PCI SSC Recursos Adicionais Recursos adicionais est\u00e3o dispon\u00edveis em ingl\u00eas. \u00a0 Verificar funcion\u00e1rio de QSA Verificar empresa QSA Verificar aplicativo de pagamento de QSAs (PA-QSA) Verificar fornecedor aprovado de varredura (ASV) Verificar um PCIP Seguran\u00e7a de transa\u00e7\u00e3o por PIN aprovada Aplicativos de pagamento validados Solu\u00e7\u00f5es P2PE validadas Aplicativos P2PE validados [&hellip;]","og_url":"https:\/\/www.pcisecuritystandards.org\/lang\/pt-pt\/resources\/","og_site_name":"PCI Language Minisites","article_modified_time":"2022-10-28T14:51:39+00:00","og_image":[{"url":"https:\/\/www.pcisecuritystandards.org\/lang\/wp-content\/uploads\/sites\/5\/2022\/10\/privacy.jpg","type":"","width":"","height":""}],"twitter_card":"summary_large_image","schema":{"@context":"https:\/\/schema.org","@graph":[{"@type":"WebPage","@id":"https:\/\/www.pcisecuritystandards.org\/lang\/pt-pt\/resources\/","url":"https:\/\/www.pcisecuritystandards.org\/lang\/pt-pt\/resources\/","name":"Resources - PCI Language Minisites","isPartOf":{"@id":"https:\/\/www.pcisecuritystandards.org\/lang\/#website"},"primaryImageOfPage":{"@id":"https:\/\/www.pcisecuritystandards.org\/lang\/pt-pt\/resources\/#primaryimage"},"image":{"@id":"https:\/\/www.pcisecuritystandards.org\/lang\/pt-pt\/resources\/#primaryimage"},"thumbnailUrl":"https:\/\/www.pcisecuritystandards.org\/lang\/wp-content\/uploads\/sites\/5\/2022\/10\/privacy.jpg","datePublished":"2022-10-28T14:51:04+00:00","dateModified":"2022-10-28T14:51:39+00:00","breadcrumb":{"@id":"https:\/\/www.pcisecuritystandards.org\/lang\/pt-pt\/resources\/#breadcrumb"},"inLanguage":"en-US","potentialAction":[{"@type":"ReadAction","target":["https:\/\/www.pcisecuritystandards.org\/lang\/pt-pt\/resources\/"]}]},{"@type":"ImageObject","inLanguage":"en-US","@id":"https:\/\/www.pcisecuritystandards.org\/lang\/pt-pt\/resources\/#primaryimage","url":"https:\/\/www.pcisecuritystandards.org\/lang\/wp-content\/uploads\/sites\/5\/2022\/10\/privacy.jpg","contentUrl":"https:\/\/www.pcisecuritystandards.org\/lang\/wp-content\/uploads\/sites\/5\/2022\/10\/privacy.jpg","width":446,"height":248},{"@type":"BreadcrumbList","@id":"https:\/\/www.pcisecuritystandards.org\/lang\/pt-pt\/resources\/#breadcrumb","itemListElement":[{"@type":"ListItem","position":1,"name":"Home","item":"https:\/\/www.pcisecuritystandards.org\/lang\/"},{"@type":"ListItem","position":2,"name":"Site oficial do PCI Security Standards Council &#8211; Verifique a conformidade com o PCI, baixe os padr\u00f5es de seguran\u00e7a de dados e de seguran\u00e7a de cart\u00e3o de cr\u00e9dito","item":"https:\/\/www.pcisecuritystandards.org\/lang\/pt-pt\/"},{"@type":"ListItem","position":3,"name":"Resources"}]},{"@type":"WebSite","@id":"https:\/\/www.pcisecuritystandards.org\/lang\/#website","url":"https:\/\/www.pcisecuritystandards.org\/lang\/","name":"PCI Language Minisites","description":"Just another pci-ssc-wp.go-vip.net Sites site","publisher":{"@id":"https:\/\/www.pcisecuritystandards.org\/lang\/#organization"},"potentialAction":[{"@type":"SearchAction","target":{"@type":"EntryPoint","urlTemplate":"https:\/\/www.pcisecuritystandards.org\/lang\/?s={search_term_string}"},"query-input":{"@type":"PropertyValueSpecification","valueRequired":true,"valueName":"search_term_string"}}],"inLanguage":"en-US"},{"@type":"Organization","@id":"https:\/\/www.pcisecuritystandards.org\/lang\/#organization","name":"PCI Language Minisites","url":"https:\/\/www.pcisecuritystandards.org\/lang\/","logo":{"@type":"ImageObject","inLanguage":"en-US","@id":"https:\/\/www.pcisecuritystandards.org\/lang\/#\/schema\/logo\/image\/","url":"https:\/\/www.pcisecuritystandards.org\/lang\/wp-content\/uploads\/sites\/5\/2022\/10\/pci-logo-teal.svg","contentUrl":"https:\/\/www.pcisecuritystandards.org\/lang\/wp-content\/uploads\/sites\/5\/2022\/10\/pci-logo-teal.svg","width":192,"height":58,"caption":"PCI Language Minisites"},"image":{"@id":"https:\/\/www.pcisecuritystandards.org\/lang\/#\/schema\/logo\/image\/"}}]}},"parsely":{"version":"1.1.0","canonical_url":"https:\/\/pcisecuritystandards.org\/lang\/pt-pt\/resources\/","smart_links":{"inbound":0,"outbound":0},"traffic_boost_suggestions_count":0,"meta":{"@context":"https:\/\/schema.org","@type":"WebPage","headline":"Resources","url":"http:\/\/www.pcisecuritystandards.org\/lang\/pt-pt\/resources\/","mainEntityOfPage":{"@type":"WebPage","@id":"http:\/\/www.pcisecuritystandards.org\/lang\/pt-pt\/resources\/"},"thumbnailUrl":"","image":{"@type":"ImageObject","url":""},"articleSection":"Uncategorized","author":[{"@type":"Person","name":"mobeenx"}],"creator":["mobeenx"],"publisher":{"@type":"Organization","name":"PCI Language Minisites","logo":"https:\/\/www.pcisecuritystandards.org\/lang\/wp-content\/uploads\/sites\/5\/2022\/10\/pci-logo-teal.svg"},"keywords":[],"dateCreated":"2022-10-28T14:51:04Z","datePublished":"2022-10-28T14:51:04Z","dateModified":"2022-10-28T14:51:39Z"},"rendered":"<script type=\"application\/ld+json\" class=\"wp-parsely-metadata\">{\"@context\":\"https:\\\/\\\/schema.org\",\"@type\":\"WebPage\",\"headline\":\"Resources\",\"url\":\"http:\\\/\\\/www.pcisecuritystandards.org\\\/lang\\\/pt-pt\\\/resources\\\/\",\"mainEntityOfPage\":{\"@type\":\"WebPage\",\"@id\":\"http:\\\/\\\/www.pcisecuritystandards.org\\\/lang\\\/pt-pt\\\/resources\\\/\"},\"thumbnailUrl\":\"\",\"image\":{\"@type\":\"ImageObject\",\"url\":\"\"},\"articleSection\":\"Uncategorized\",\"author\":[{\"@type\":\"Person\",\"name\":\"mobeenx\"}],\"creator\":[\"mobeenx\"],\"publisher\":{\"@type\":\"Organization\",\"name\":\"PCI Language Minisites\",\"logo\":\"https:\\\/\\\/www.pcisecuritystandards.org\\\/lang\\\/wp-content\\\/uploads\\\/sites\\\/5\\\/2022\\\/10\\\/pci-logo-teal.svg\"},\"keywords\":[],\"dateCreated\":\"2022-10-28T14:51:04Z\",\"datePublished\":\"2022-10-28T14:51:04Z\",\"dateModified\":\"2022-10-28T14:51:39Z\"}<\/script>","tracker_url":"https:\/\/cdn.parsely.com\/keys\/pcisecuritystandards.org\/p.js"},"jetpack_sharing_enabled":true,"_links":{"self":[{"href":"https:\/\/www.pcisecuritystandards.org\/lang\/wp-json\/wp\/v2\/pages\/311","targetHints":{"allow":["GET"]}}],"collection":[{"href":"https:\/\/www.pcisecuritystandards.org\/lang\/wp-json\/wp\/v2\/pages"}],"about":[{"href":"https:\/\/www.pcisecuritystandards.org\/lang\/wp-json\/wp\/v2\/types\/page"}],"author":[{"embeddable":true,"href":"https:\/\/www.pcisecuritystandards.org\/lang\/wp-json\/wp\/v2\/users\/21"}],"replies":[{"embeddable":true,"href":"https:\/\/www.pcisecuritystandards.org\/lang\/wp-json\/wp\/v2\/comments?post=311"}],"version-history":[{"count":4,"href":"https:\/\/www.pcisecuritystandards.org\/lang\/wp-json\/wp\/v2\/pages\/311\/revisions"}],"predecessor-version":[{"id":316,"href":"https:\/\/www.pcisecuritystandards.org\/lang\/wp-json\/wp\/v2\/pages\/311\/revisions\/316"}],"up":[{"embeddable":true,"href":"https:\/\/www.pcisecuritystandards.org\/lang\/wp-json\/wp\/v2\/pages\/197"}],"wp:attachment":[{"href":"https:\/\/www.pcisecuritystandards.org\/lang\/wp-json\/wp\/v2\/media?parent=311"}],"curies":[{"name":"wp","href":"https:\/\/api.w.org\/{rel}","templated":true}]}}